{"id":14,"date":"2016-10-24T05:49:58","date_gmt":"2016-10-24T03:49:58","guid":{"rendered":"http:\/\/atlantisng.com\/blog\/?page_id=14"},"modified":"2022-06-07T14:19:27","modified_gmt":"2022-06-07T14:19:27","slug":"about-author","status":"publish","type":"page","link":"https:\/\/atlantisng.com\/blog\/about-author\/","title":{"rendered":"El Autor"},"content":{"rendered":"<table width=\"100%\" data-find=\"_5\">\n<tbody data-find=\"_4\">\n<tr class=\"\" data-find=\"_3\">\n<td data-find=\"_2\">\n<h1 class=\"moze-center\" style=\"text-align: center;\">ABOUT AUTHOR<\/h1>\n<h2 class=\"moze-center\" style=\"text-align: center;\"><b>GEORGEOS D\u00cdAZ-MONTEXANO<\/b><\/h2>\n<h2 class=\"moze-center\" style=\"text-align: center;\"><b>[<a href=\"http:\/\/atlantisng.com\/blog\/acerca-del-autor\/\">VERSI\u00d3N EN CASTELLANO<\/a>]<\/b><\/h2>\n<div class=\"moze-justify\"><\/div>\n<div class=\"moze-justify\" style=\"text-align: justify;\"><span class=\"moze-gigantic\"><b><i>Historical-Scientific Atlantology Adviser for National Geographic Channel and for James Francis Cameron &amp; Simcha Jacobovici Producers, Accepted Member of The Epigraphic Society, President Emeritus of the Scientific Atlantology International Society (SAIS), Writer, expert in ancient languages and writing\u00a0of lost\u00a0civilizations.\u00a0<\/i><\/b><\/span><\/div>\n<div><\/div>\n<p style=\"text-align: center;\"><a href=\"http:\/\/atlantisng.com\/blog\/wp-content\/uploads\/2019\/02\/19441797_795252617308192_4923558795358458474_o.jpg\"><img fetchpriority=\"high\" decoding=\"async\" class=\"aligncenter size-medium wp-image-6342 zoooom\" src=\"http:\/\/atlantisng.com\/blog\/wp-content\/uploads\/2019\/02\/19441797_795252617308192_4923558795358458474_o-700x414.jpg\" alt=\"P\u00f3ster para conferencia en la Universidad de Granada.\" width=\"700\" height=\"414\" \/><\/a><\/p>\n<p style=\"text-align: justify;\">He has been Historical-Scientific Atlantology Adviser for National Geographic Channel and for the producers James Cameron and Simcha Jacobovici since 2009. At the end of 2016 National Geographic Channel released a new documentary about Atlantis and Tartessus, based largely on the research and books of Georgeos D\u00edaz-Montexano, who also appeared in the documentary as expert on historical-scientific atlantology, searching for evidence, circumstantial evidence and possible ruins of Atlantis, both on land and in water, under the sea. The documentary was produced by James Francis Cameron, Simcha Jacobovici and Yaron Niski.<\/p>\n<p style=\"text-align: justify;\"><span class=\"moze-gigantic\">See\u00a0<\/span><a href=\"https:\/\/www.facebook.com\/georgeos.diazmontexano\/photos\/?tab=album&amp;album_id=1155724777804028\" target=\"_blank\" rel=\"nofollow noopener noreferrer\"><span class=\"moze-gigantic\">link\u00a0<\/span><\/a><span class=\"moze-gigantic\">to learn more about the film published in Spanish media.<\/span><\/p>\n<div style=\"text-align: justify;\"><span class=\"moze-gigantic\"><b>Bio:\u00a0Jorge D\u00edaz-Montexano S\u00e1nchez (AKA Georgeos D\u00edaz-Montexano)\u00a0<\/b><\/span><\/div>\n<div style=\"text-align: justify;\"><\/div>\n<div style=\"text-align: justify;\"><em>Writer, Historical-Scientific Atlantology Adviser for National Geographic Channel and for James Francis Cameron &amp; Simcha Jacobovici Producers, Accepted Member of The Epigraphic Society, President Emeritus of Scientific Atlantology International Society (SAIS).\u00a0<\/em><\/div>\n<div style=\"text-align: justify;\"><\/div>\n<div style=\"text-align: justify;\"><span style=\"font-family: inherit; font-size: inherit; line-height: 1.5;\">He was born in Cuba, although his father and mother, grandparents, great-great-grandparents, great-great-great-grandparents and other ancestors (as far as he knows) were Spanish (he also had some Greek ancestors on his mother\u2019s side). In 1992 he was appointed honorary member (also Accepted Member) in The Epigraphic Society by his discoveries and research on ancient pre-Columbian inscriptions in Cuba, Caribe and Antilles. He has been living in Spain from 1994. In 1995 he founded the journal \u201cArchaeology and Enigmas of History\u201d, soon after he founded others, such as \u201cArchaeology Without Frontiers\u201d, \u201cArchaeoHistory\u201d, \u201cCana\u00e1n: Magazine of Biblical Archaeology\u201d, and the first journal of Egyptology in Spanish, with distribution in kiosks and bookstores all around Spain and America: \u201cThe Sphinx. Journal of Egyptology\u201d. The same year he founded \u201cThe Epigraphic Society of Spain\u201d. In 1999 he founded another journal of Egyptology: \u201cOsiris. Journal of Egyptology\u201d. <\/span><\/div>\n<div style=\"text-align: justify;\"><\/div>\n<div style=\"text-align: justify;\"><span style=\"font-family: inherit; font-size: inherit; line-height: 1.5;\">He is the author of the first course with a simple method to learn how to read Egyptian hieroglyphics (in Spanish language) which was sold in installments, as a collectible, from 1995 to 1998. He has been investigating Atlantis for more than twenty years, directly from historical sources, especially through Palaeography and Lexicology, ie, through ancient codices, papyri and manuscripts written in Greek, Latin, Egyptian and Arabic (between other languages) following the handwriting tradition of Plato\u2019s The Timaeus and Critias, and all ancient texts that referred to Atlantis or to Atlantean people.\u00a0<\/span><\/div>\n<div style=\"text-align: justify;\"><\/div>\n<div style=\"text-align: justify;\">His great passion is the study of the origins of Ancient Civilizations as well as the origin and development of language, myths, and philosophy.\u00a0He has been\u00a0Historical-Scientific Atlantology Adviser for National Geographic Channel and for James Francis Cameron &amp; Simcha Jacobovici Producers.<span style=\"font-family: inherit; font-size: inherit; line-height: 1.5;\"><br \/>\n<\/span><\/div>\n<div style=\"text-align: justify;\"><span class=\"moze-gigantic\">Scientific Atlantology International Society (SAIS)<\/span><\/div>\n<div style=\"text-align: justify;\"><span class=\"moze-gigantic\">Spain<\/span><\/div>\n<div style=\"text-align: justify;\"><span class=\"moze-gigantic\">g e o r g e o s [arroba] a t l a n t i s a i s . o r g\u00a0<\/span><\/div>\n<div style=\"text-align: justify;\"><\/div>\n<div style=\"text-align: justify;\"><b><span class=\"moze-gigantic\">See the Book \u00ab<\/span><\/b><b><span class=\"moze-gigantic\">ATLANTIS \/ NG.\u00a0<\/span><\/b><b><span class=\"moze-gigantic\">National Geographic and the Scientific Search for Atlantis.\u00a0<\/span><\/b><b><span class=\"moze-gigantic\">Localization and antiquity of the legendary Atlantis civilization from classical, egyptian, tartessian and chalcolitical sources\u00bb <\/span><\/b><b><span class=\"moze-gigantic\">(Release book in December 2016 with the premiere of National Geographic documentary about Atlantis).\u00a0<\/span><\/b><\/div>\n<div style=\"text-align: center;\"><\/div>\n<div style=\"text-align: center;\">\n<hr \/>\n<\/div>\n<p><iframe style=\"border: none; overflow: hidden;\" src=\"https:\/\/www.facebook.com\/plugins\/video.php?href=https%3A%2F%2Fwww.facebook.com%2Felresurgirdelaatlantida%2Fvideos%2F321234908688916%2F&amp;show_text=0&amp;width=560\" width=\"560\" height=\"315\" frameborder=\"0\" scrolling=\"no\" allowfullscreen=\"allowfullscreen\"><span style=\"display: inline-block; width: 0px; overflow: hidden; line-height: 0;\" data-mce-type=\"bookmark\" class=\"mce_SELRES_start\">\ufeff<\/span><\/iframe><\/p>\n<hr \/>\n<div style=\"text-align: center;\"><\/div>\n<div style=\"text-align: center;\"><\/div>\n<div style=\"text-align: justify;\"><span class=\"moze-gigantic\">Todas las obras de este Portal (WebSite) est\u00e1n bajo\u00a0<\/span><a href=\"http:\/\/creativecommons.org\/licenses\/by-nc-sa\/3.0\/deed.es_ES\" target=\"_blank\" rel=\"nofollow noopener noreferrer\"><span class=\"moze-gigantic\">licencia de Creative Commons<\/span><\/a><\/div>\n<div class=\"moze-justify\" style=\"text-align: justify;\"><span class=\"moze-huge\">Usted es libre de:\u00a0<\/span><u><span class=\"moze-huge\">compartir<\/span><\/u><span class=\"moze-huge\">,\u00a0<\/span><u><span class=\"moze-huge\">copiar<\/span><\/u><span class=\"moze-huge\">,\u00a0<\/span><u><span class=\"moze-huge\">distribuir<\/span><\/u><span class=\"moze-huge\">\u00a0y\u00a0<\/span><u><span class=\"moze-huge\">comunicar<\/span><\/u><span class=\"moze-huge\">\u00a0p\u00fablicamente (pero sin lucro ni fin comercial alguno) lo aqu\u00ed publicado bajo las condiciones que establece esta\u00a0<\/span><a href=\"http:\/\/creativecommons.org\/licenses\/by-nc-sa\/3.0\/deed.es_ES\" target=\"_blank\" rel=\"nofollow noopener noreferrer\"><span class=\"moze-huge\">licencia<\/span><\/a><span class=\"moze-huge\">.\u00a0<\/span><\/div>\n<\/td>\n<\/tr>\n<\/tbody>\n<\/table>\n","protected":false},"excerpt":{"rendered":"<p>ABOUT AUTHOR GEORGEOS D\u00cdAZ-MONTEXANO [VERSI\u00d3N EN CASTELLANO] Historical-Scientific Atlantology Adviser for National Geographic Channel and for James Francis Cameron &amp; Simcha Jacobovici Producers, Accepted Member of The &hellip; <\/p>\n","protected":false},"author":1,"featured_media":5720,"parent":0,"menu_order":0,"comment_status":"closed","ping_status":"closed","template":"","meta":{"cybocfi_hide_featured_image":"","footnotes":""},"class_list":["post-14","page","type-page","status-publish","has-post-thumbnail","hentry"],"_links":{"self":[{"href":"https:\/\/atlantisng.com\/blog\/wp-json\/wp\/v2\/pages\/14","targetHints":{"allow":["GET"]}}],"collection":[{"href":"https:\/\/atlantisng.com\/blog\/wp-json\/wp\/v2\/pages"}],"about":[{"href":"https:\/\/atlantisng.com\/blog\/wp-json\/wp\/v2\/types\/page"}],"author":[{"embeddable":true,"href":"https:\/\/atlantisng.com\/blog\/wp-json\/wp\/v2\/users\/1"}],"replies":[{"embeddable":true,"href":"https:\/\/atlantisng.com\/blog\/wp-json\/wp\/v2\/comments?post=14"}],"version-history":[{"count":4,"href":"https:\/\/atlantisng.com\/blog\/wp-json\/wp\/v2\/pages\/14\/revisions"}],"predecessor-version":[{"id":15833,"href":"https:\/\/atlantisng.com\/blog\/wp-json\/wp\/v2\/pages\/14\/revisions\/15833"}],"wp:featuredmedia":[{"embeddable":true,"href":"https:\/\/atlantisng.com\/blog\/wp-json\/"}],"wp:attachment":[{"href":"https:\/\/atlantisng.com\/blog\/wp-json\/wp\/v2\/media?parent=14"}],"curies":[{"name":"wp","href":"https:\/\/api.w.org\/{rel}","templated":true}]}}