{"id":3763,"date":"2016-10-28T14:20:25","date_gmt":"2016-10-28T12:20:25","guid":{"rendered":"http:\/\/atlantisng.com\/blog\/?page_id=3763"},"modified":"2022-06-07T14:20:16","modified_gmt":"2022-06-07T14:20:16","slug":"acerca-del-autor","status":"publish","type":"page","link":"https:\/\/atlantisng.com\/blog\/acerca-del-autor\/","title":{"rendered":"Acerca del Autor"},"content":{"rendered":"<h1 class=\"moze-center\" style=\"text-align: center;\"><span class=\"moze-megatitle\">ACERCA DEL AUTOR<\/span><\/h1>\n<h2 class=\"moze-center\" style=\"text-align: center;\"><b>GEORGEOS D\u00cdAZ-MONTEXANO<\/b><\/h2>\n<h2 class=\"moze-center\" style=\"text-align: center;\"><b>[<a href=\"http:\/\/atlantisng.com\/blog\/about-author\/\" target=\"_blank\" rel=\"nofollow noopener noreferrer\">ENGLISH VERSION<\/a>]<\/b><\/h2>\n<p style=\"text-align: justify;\"><b><i><span class=\"moze-gigantic\">Asesor de Atlantolog\u00eda Hist\u00f3rico-Cient\u00edfica para National Geographic Channel y para los productores James Francis Cameron y Simcha Jacobovici, Accepted Member of The Epigraphic Society,\u00a0Presidente Em\u00e9rito de la Scientific Atlantology International Society (SAIS), Escritor especializado en lenguas y escrituras de antiguas civilizaciones.<\/span><br \/>\n<\/i><\/b><\/p>\n<p style=\"text-align: center;\"><a href=\"http:\/\/atlantisng.com\/blog\/wp-content\/uploads\/2019\/02\/19441797_795252617308192_4923558795358458474_o.jpg\"><img fetchpriority=\"high\" decoding=\"async\" class=\"aligncenter size-medium wp-image-6342\" src=\"http:\/\/atlantisng.com\/blog\/wp-content\/uploads\/2019\/02\/19441797_795252617308192_4923558795358458474_o-700x414.jpg\" alt=\"P\u00f3ster para conferencia en la Universidad de Granada.\" width=\"700\" height=\"414\" \/><\/a><\/p>\n<p class=\"moze-justify\" style=\"text-align: justify;\" data-find=\"_12\"><span data-find=\"_11\"><span class=\"moze-gigantic\">Desde 2009 es Asesor de Atlantolog\u00eda Hist\u00f3rico-Cient\u00edfica para National Geographic Channel y para los productores James Francis Cameron y Simcha Jacobovici.\u00a0Al finales de 2016\u00a0<\/span><b><span class=\"moze-gigantic\">National Geographic Channel<\/span><\/b><span class=\"moze-gigantic\">\u00a0estrena un nuevo documental sobre la Atl\u00e1ntida y Tartessos basado en gran parte en las investigaciones y libros del Georgeos D\u00edaz-Montexano quien tambi\u00e9n aparece en el documental como investigador experto en atlantolog\u00eda hist\u00f3rico-cient\u00edfica buscando evidencias, pruebas indiciarias y posibles ruinas de la Atl\u00e1ntida tanto en el campo como en el mar.\u00a0<\/span><\/span><span class=\"moze-gigantic\">El documental ha sido producido por\u00a0<\/span><b><span class=\"moze-gigantic\">James\u00a0<\/span><\/b><b><span class=\"moze-gigantic\">Francis\u00a0<\/span><\/b><b><span class=\"moze-gigantic\">Cameron,<\/span><\/b><span class=\"moze-gigantic\">\u00a0<\/span><b><span class=\"moze-gigantic\">Simcha Jacobovici<\/span><\/b><span class=\"moze-gigantic\">\u00a0y\u00a0<\/span><b><span class=\"moze-gigantic\">Yaron Niski.<\/span><\/b><\/p>\n<p class=\"moze-justify\" style=\"text-align: justify;\"><span class=\"moze-gigantic\">V\u00e9ase en este\u00a0<\/span><a href=\"https:\/\/www.facebook.com\/georgeos.diazmontexano\/photos\/?tab=album&amp;album_id=1155724777804028\" target=\"_blank\" rel=\"nofollow noopener noreferrer\"><span class=\"moze-gigantic\">enlace<\/span><\/a><span class=\"moze-gigantic\">\u00a0varias noticias sobre el documental publicadas en los medios de comunicaci\u00f3n de Espa\u00f1a.<\/span><\/p>\n<p class=\"moze-justify\" style=\"text-align: justify;\"><b><span class=\"moze-gigantic\">Bio: Jorge D\u00edaz-Montexano S\u00e1nchez (AKA\u00a0<\/span><\/b><b><span class=\"moze-gigantic\">Georgeos D\u00edaz-Montexano<\/span><\/b><b><span class=\"moze-gigantic\">)\u00a0<\/span><\/b><\/p>\n<p class=\"moze-justify\" style=\"text-align: justify;\"><i><span class=\"moze-gigantic\">Asesor de Atlantolog\u00eda Hist\u00f3rico-Cient\u00edfica para National Geographic Channel y para los productores James Francis Cameron y Simcha Jacobovici, Accepted Member of The Epigraphic Society, Presidente Em\u00e9rito de la Scientific Atlantology International Society (SAIS)<\/span><\/i><span class=\"moze-gigantic\">, Escritor especializado en lenguas y escrituras de antiguas civilizaciones.<\/span><\/p>\n<p class=\"moze-justify\" style=\"text-align: justify;\" data-find=\"_1\"><i><span class=\"moze-gigantic\">De padres, abuelos, bisabuelos, tatarabuelos y trastarabuelos espa\u00f1oles por ambos linajes (hasta donde ha llegado verificar su genaolog\u00eda) y con un trastatarabuelo griego por v\u00eda materna, naci\u00f3 en Cuba.\u00a0Estudi\u00f3 Arqueolog\u00eda y Antropolog\u00eda entre finales de los 80 y principios de los 90 a trav\u00e9s de cursos de formaci\u00f3n especializada de la SEC, sociedad cient\u00edfica de estudios de espeleolog\u00eda, arqueolog\u00eda y antropolog\u00eda, adscrita a la Academia de Ciencias de Cuba.\u00a0<\/span><\/i><\/p>\n<p class=\"moze-justify\" style=\"text-align: justify;\" data-find=\"_1\"><i><span class=\"moze-gigantic\">En 1992 obtuvo membrec\u00eda honor\u00edfica vitalicia (como Accepted Member) en The Epigraphic Society por sus descubrimientos e investigaciones epigr\u00e1ficas de antiguas inscripciones precolombinas en Cuba y otros lugares de las Antillas y el Caribe. Desde 1994 reside en Espa\u00f1a. En 1995 fund\u00f3 la revista \u201cArqueolog\u00eda y Enigmas de la Historia\u201d, poco despu\u00e9s\u00a0<\/span><\/i><i><span class=\"moze-gigantic\">fund\u00f3\u00a0<\/span><\/i><i><span class=\"moze-gigantic\">otras como \u201cArqueolog\u00eda Sin Fronteras\u201d, \u201cArqueoHistoria\u201d, \u201cCana\u00e1n: Revista de Arqueolog\u00eda B\u00edblica\u201d, as\u00ed como la primera revista de egiptolog\u00eda en castellano de distribuci\u00f3n en kioscos y librer\u00edas de toda Espa\u00f1a y Am\u00e9rica, \u201cLa Esfinge. Revista de Egiptolog\u00eda\u201d. En 1999\u00a0<\/span><\/i><i><span class=\"moze-gigantic\">fund\u00f3\u00a0<\/span><\/i><i data-find=\"_12\"><span class=\"moze-gigantic\" data-find=\"_11\">otra revista de egiptolog\u00eda: \u00abOsiris. Revista de Egiptolog\u00eda\u00bb. Ha sido autor del primer curso y\u00a0m\u00e9todo sencillo para aprender a leer jerogl\u00edficos egipcios (en lengua castellana) que se vendi\u00f3 por fasc\u00edculos -como coleccionable- desde 1995 hasta 1998.\u00a0<\/span><\/i><\/p>\n<p class=\"moze-justify\" style=\"text-align: justify;\" data-find=\"_1\"><i data-find=\"_12\"><span class=\"moze-gigantic\" data-find=\"_11\">Desde hace m\u00e1s de veinte a\u00f1os investiga la Atl\u00e1ntida, pero a trav\u00e9s de las fuentes hist\u00f3ricas, especialmente desde el an\u00e1lisis de los antiguos c\u00f3dices, papiros y manuscritos escritos en griego, lat\u00edn y \u00e1rabe (entre otros lenguajes) sobre la tradici\u00f3n manuscrita del Timeo y el Critias de Plat\u00f3n, y todos los antiguos textos que hicieron alguna referencia a la Atl\u00e1ntida, a los Atlantes o a pueblos de una cultura o civilizaci\u00f3n atl\u00e1ntica importante. Su gran pasi\u00f3n es pues el estudio del origen de las Antiguas Civilizaciones, as\u00ed como el origen y evoluci\u00f3n del lenguaje, los mitos, y la filosof\u00eda.\u00a0<\/span><\/i><\/p>\n<p class=\"moze-justify\" style=\"text-align: justify;\" data-find=\"_1\"><i><span class=\"moze-gigantic\">Desde 2009 es\u00a0<\/span><\/i><i><span class=\"moze-gigantic\">es Asesor de Atlantolog\u00eda Hist\u00f3rico-Cient\u00edfica para National Geographic Channel y para los productores James Francis Cameron y Simcha Jacobovici.<\/span><\/i><\/p>\n<p><span class=\"moze-gigantic\">Scientific Atlantology International Society (SAIS)<\/span><br \/>\n<span class=\"moze-gigantic\">Spain<\/span><br \/>\n<span class=\"moze-gigantic\">g e o r g e o s [arroba] a t l a n t i s a i s . o r g<\/span><i><br \/>\n<\/i><\/p>\n<h3 class=\"moze-justify\" style=\"text-align: justify;\"><span class=\"moze-gigantic\"><b>Ver el libro \u00abATLANTIS \/ NG. National Geographic y la b\u00fasqueda cient\u00edfica de la Atl\u00e1ntida. Localizaci\u00f3n y antig\u00fcedad de la legendaria civilizaci\u00f3n de Atlantis desde las fuentes cl\u00e1sicas, egipcias, tartessias y calcol\u00edticas\u00bb (Lanzamiento en Diciembre de 2016 junto con el estreno del documental de National Geographic).<\/b><\/span><\/h3>\n<div class=\"moze-inserted-code\" style=\"text-align: justify;\">\n<hr \/>\n<\/div>\n<p class=\"moze-center\" style=\"text-align: center;\"><span class=\"moze-gigantic\">Todas las obras de este Portal (WebSite) est\u00e1n bajo\u00a0<\/span><a href=\"http:\/\/creativecommons.org\/licenses\/by-nc-sa\/3.0\/deed.es_ES\" target=\"_blank\" rel=\"nofollow noopener noreferrer\"><span class=\"moze-gigantic\">licencia de Creative Commons<\/span><\/a><\/p>\n<div class=\"moze-justify\" style=\"text-align: center;\"><span class=\"moze-huge\">Usted es libre de:\u00a0<\/span><u><span class=\"moze-huge\">compartir<\/span><\/u><span class=\"moze-huge\">,\u00a0<\/span><u><span class=\"moze-huge\">copiar<\/span><\/u><span class=\"moze-huge\">,\u00a0<\/span><u><span class=\"moze-huge\">distribuir<\/span><\/u><span class=\"moze-huge\">\u00a0y\u00a0<\/span><u><span class=\"moze-huge\">comunicar<\/span><\/u><span class=\"moze-huge\">\u00a0p\u00fablicamente (pero sin lucro ni fin comercial alguno) lo aqu\u00ed publicado bajo las condiciones que establece esta\u00a0<\/span><a href=\"http:\/\/creativecommons.org\/licenses\/by-nc-sa\/3.0\/deed.es_ES\" target=\"_blank\" rel=\"nofollow noopener noreferrer\"><span class=\"moze-huge\">licencia<\/span><\/a><span class=\"moze-huge\">.\u00a0<\/span><\/div>\n","protected":false},"excerpt":{"rendered":"<p>ACERCA DEL AUTOR GEORGEOS D\u00cdAZ-MONTEXANO [ENGLISH VERSION] Asesor de Atlantolog\u00eda Hist\u00f3rico-Cient\u00edfica para National Geographic Channel y para los productores James Francis Cameron y Simcha Jacobovici, Accepted Member &hellip; <\/p>\n","protected":false},"author":1,"featured_media":0,"parent":0,"menu_order":0,"comment_status":"closed","ping_status":"closed","template":"","meta":{"cybocfi_hide_featured_image":"","footnotes":""},"class_list":["post-3763","page","type-page","status-publish","hentry"],"_links":{"self":[{"href":"https:\/\/atlantisng.com\/blog\/wp-json\/wp\/v2\/pages\/3763","targetHints":{"allow":["GET"]}}],"collection":[{"href":"https:\/\/atlantisng.com\/blog\/wp-json\/wp\/v2\/pages"}],"about":[{"href":"https:\/\/atlantisng.com\/blog\/wp-json\/wp\/v2\/types\/page"}],"author":[{"embeddable":true,"href":"https:\/\/atlantisng.com\/blog\/wp-json\/wp\/v2\/users\/1"}],"replies":[{"embeddable":true,"href":"https:\/\/atlantisng.com\/blog\/wp-json\/wp\/v2\/comments?post=3763"}],"version-history":[{"count":3,"href":"https:\/\/atlantisng.com\/blog\/wp-json\/wp\/v2\/pages\/3763\/revisions"}],"predecessor-version":[{"id":15834,"href":"https:\/\/atlantisng.com\/blog\/wp-json\/wp\/v2\/pages\/3763\/revisions\/15834"}],"wp:attachment":[{"href":"https:\/\/atlantisng.com\/blog\/wp-json\/wp\/v2\/media?parent=3763"}],"curies":[{"name":"wp","href":"https:\/\/api.w.org\/{rel}","templated":true}]}}